{"id":3,"date":"2025-06-11T17:54:27","date_gmt":"2025-06-11T17:54:27","guid":{"rendered":"https:\/\/puertanortearboledas.com\/?page_id=3"},"modified":"2025-09-12T17:29:29","modified_gmt":"2025-09-12T17:29:29","slug":"privacidad","status":"publish","type":"page","link":"https:\/\/puertanortearboledas.com\/index.php\/privacidad\/","title":{"rendered":"Aviso de Privacidad"},"content":{"rendered":"\n<h2 class=\"wp-block-heading\"><strong>RESIDENCIAL ATIZAP\u00c1N S.A. DE C.V., IMPULSORA ECATEPEC S.A. DE C.V., IMPULSORA SAN BARTOLO S.A. DE C.V., DESARROLLO INMOBILIARIO AVANCE ATIZAPAN, S.A. DE C.V., CONSTRUCTORA PROFUSA, S.A. DE C.V. e INMOBILIARIA COLINAS DEL LAGO, S.A. DE C.V.,<\/strong>&nbsp;identificadas conjuntamente como \u00abGRUPO PROFUSA,\u00bb as\u00ed como sus filiales, subsidiarias y empresas pertenecientes al mismo grupo de socios (en adelante, \u00abEl Responsable\u00bb de acuerdo a la definici\u00f3n de la fracci\u00f3n XXVIII del art\u00edculo 3 de la&nbsp;<strong>Ley Federal de Protecci\u00f3n de Datos Personales en Posesi\u00f3n de los Particulares<\/strong>&nbsp;[LFPDPPP]), con domicilio en Luz Savi\u00f1\u00f3n n\u00famero 13, interior 204, colonia Del Valle Norte, alcald\u00eda Benito Ju\u00e1rez, Ciudad de M\u00e9xico, C.P. 03103, es responsable del tratamiento de sus&nbsp;<strong>datos personales<\/strong>&nbsp;conforme a lo establecido en la&nbsp;<strong>LFPDPPP&nbsp;<\/strong>y su Reglamento.<\/h2>\n\n\n\n<p>Le solicitamos leer cuidadosamente el presente Aviso de Privacidad, ya que la simple aportaci\u00f3n de sus datos personales constituye la aceptaci\u00f3n de los t\u00e9rminos del presente Aviso de Privacidad.<\/p>\n\n\n\n<p>Le informamos que sus datos personales pueden ser recabados a trav\u00e9s de solicitudes, declaraciones y dem\u00e1s manifestaciones hechas por usted, a trav\u00e9s de medios electr\u00f3nicos, telef\u00f3nicos o impresos. Estos datos ser\u00e1n utilizados y resguardados \u00fanicamente por GRUPO PROFUSA, en una base de datos bajo la m\u00e1s estricta confidencialidad, de acuerdo con los procedimientos de seguridad que GRUPO PROFUSA ha implementado, cuyo acceso estar\u00e1 limitado a las personas f\u00edsicas y morales con las que GRUPO PROFUSA tenga relaci\u00f3n jur\u00eddica.<\/p>\n\n\n\n<p><strong>IDENTIFICACI\u00d3N DEL RESPONSABLE<\/strong><\/p>\n\n\n\n<p><strong>Giro<\/strong>&nbsp;Inmobiliario<\/p>\n\n\n\n<p><strong>Sitio web<\/strong>&nbsp;http:\/\/profusa.mx<\/p>\n\n\n\n<p><strong>Tel\u00e9fono<\/strong>&nbsp;55 52902727<\/p>\n\n\n\n<p><strong>Domicilio<\/strong>&nbsp;Luz Savi\u00f1\u00f3n n\u00famero 13, interior 204, colonia Del Valle Norte, alcald\u00eda Benito Ju\u00e1rez, Ciudad de M\u00e9xico, C.P. 03103<\/p>\n\n\n\n<p><strong>Correo electr\u00f3nico<\/strong>&nbsp;protecciondatos@profusa.mx<\/p>\n\n\n\n<p><strong>Horario de Atenci\u00f3n<\/strong>&nbsp;lunes a viernes de las 9 horas a las 17 horas<\/p>\n\n\n\n<p><strong>DATOS PERSONALES RECABADOS<\/strong><\/p>\n\n\n\n<p>Los datos personales que recabamos de usted pueden ser de manera personal o a trav\u00e9s de un Encargado (definido en la fracci\u00f3n XV del art\u00edculo 3 de la LFPDPPP), e incluyen:<\/p>\n\n\n\n<ul class=\"wp-block-list\">\n<li>Datos de identificaci\u00f3n (nombre, fecha de nacimiento, nacionalidad, clave \u00fanica de poblaci\u00f3n, etc.).<\/li>\n\n\n\n<li>Datos de contacto (correo electr\u00f3nico, n\u00famero telef\u00f3nico, direcci\u00f3n, lugar de trabajo).<\/li>\n\n\n\n<li>Datos financieros (ingresos, n\u00famero de cuenta, CLABE interbancaria, registro federal de causantes, informaci\u00f3n de facturaci\u00f3n).<\/li>\n\n\n\n<li>Datos laborales (puesto, empresa en la que labora, referencias laborales).<\/li>\n<\/ul>\n\n\n\n<p>GRUPO PROFUSA no recaba datos personales sensibles, considerados como tales por la LFPDPPP, como aquellos que puedan revelar aspectos como origen racial o \u00e9tnico, estado de salud presente o futuro, informaci\u00f3n gen\u00e9tica, creencias religiosas, filos\u00f3ficas y morales, afiliaciones sindicales, opiniones pol\u00edticas, preferencias sexuales, etc.<\/p>\n\n\n\n<p><strong>FINALIDADES DEL TRATAMIENTO<\/strong><\/p>\n\n\n\n<p>Sus datos personales ser\u00e1n utilizados para las siguientes finalidades:<\/p>\n\n\n\n<ul class=\"wp-block-list\">\n<li>Brindarle los productos y servicios solicitados.<\/li>\n\n\n\n<li>Procesamiento de pagos y facturaci\u00f3n.<\/li>\n\n\n\n<li>Atenci\u00f3n y seguimiento a solicitudes de informaci\u00f3n.<\/li>\n\n\n\n<li>Cumplimiento de obligaciones legales y contractuales.<\/li>\n\n\n\n<li>Evaluaciones de calidad y satisfacci\u00f3n del servicio.<\/li>\n\n\n\n<li>Env\u00edo de publicidad y promociones (en caso de otorgar su consentimiento expreso).<\/li>\n<\/ul>\n\n\n\n<p><strong>TRANSFERENCIAS DE DATOS<\/strong><\/p>\n\n\n\n<p>Sus datos personales podr\u00e1n ser transferidos a terceros \u00fanicamente en los siguientes casos:<\/p>\n\n\n\n<ul class=\"wp-block-list\">\n<li>A autoridades competentes, cuando sea requerido por ley.<\/li>\n\n\n\n<li>A proveedores que presten servicios necesarios para el cumplimiento de nuestras obligaciones (instituciones de cr\u00e9dito, INFONAVIT, notarias, etc.).<\/li>\n\n\n\n<li>A instituciones bancarias para la gesti\u00f3n de pagos y reembolsos.<\/li>\n\n\n\n<li>A terceros con los que tengamos acuerdos comerciales, solo con su consentimiento previo.<\/li>\n<\/ul>\n\n\n\n<p><strong>DERECHOS ARCO (ACCESO, RECTIFICACI\u00d3N, CANCELACI\u00d3N Y OPOSICI\u00d3N)<\/strong><\/p>\n\n\n\n<p>Usted tiene derecho a conocer qu\u00e9 datos personales tenemos, c\u00f3mo los usamos y las condiciones del tratamiento (Acceso). Tambi\u00e9n puede solicitar la correcci\u00f3n de su informaci\u00f3n en caso de que est\u00e9 desactualizada, sea inexacta o incompleta (Rectificaci\u00f3n); solicitar que eliminemos sus datos de nuestros registros o bases de datos cuando considere que no est\u00e1n siendo utilizados adecuadamente (Cancelaci\u00f3n); as\u00ed como oponerse al uso de sus datos para fines espec\u00edficos (Oposici\u00f3n).<\/p>\n\n\n\n<p>Para ejercer cualquiera de sus derechos ARCO, env\u00ede una solicitud a nuestro Departamento de Protecci\u00f3n de Datos Personales al correo electr\u00f3nico:&nbsp;protecciondatos@profusa.mx&nbsp;con atenci\u00f3n a Oficial de Privacidad, o bien, en nuestro domicilio f\u00edsico en un horario de lunes a viernes de las 9 horas a las 17 horas. Daremos respuesta en un plazo m\u00e1ximo de 20 d\u00edas h\u00e1biles conforme a la normatividad vigente.<\/p>\n\n\n\n<p><strong>MEDIDAS DE SEGURIDAD<\/strong><\/p>\n\n\n\n<p>GRUPO PROFUSA implementa medidas de seguridad f\u00edsicas, administrativas y tecnol\u00f3gicas para proteger sus datos personales contra da\u00f1o, p\u00e9rdida, alteraci\u00f3n, destrucci\u00f3n o uso no autorizado.<\/p>\n\n\n\n<p><strong>USO DE COOKIES Y TECNOLOG\u00cdAS SIMILARES<\/strong><\/p>\n\n\n\n<p>Nuestro sitio web puede utilizar cookies para mejorar su experiencia de usuario. Usted puede configurar su navegador para rechazarlas, aunque esto podr\u00eda afectar algunas funciones del sitio.<\/p>\n\n\n\n<p>La protecci\u00f3n de datos personales proporcionados por usted por medio de la p\u00e1gina web de GRUPO PROFUSA no se puede garantizar totalmente. Una vez recibidos por GRUPO PROFUSA, haremos todo lo posible para salvaguardar su informaci\u00f3n.<\/p>\n\n\n\n<p><strong>CAMBIOS AL AVISO DE PRIVACIDAD<\/strong><\/p>\n\n\n\n<p>El presente Aviso de Privacidad puede ser modificado en cualquier momento. Los cambios ser\u00e1n publicados en nuestra p\u00e1gina web: http:\/\/profusa.mx<\/p>\n\n\n\n<p>Fecha de \u00faltima actualizaci\u00f3n: 08 de abril del 2025.<\/p>\n\n\n\n<p>Si tiene dudas o comentarios sobre este Aviso de Privacidad, puede contactarnos en:&nbsp;protecciondatos@profusa.mx<\/p>\n\n\n\n<p><strong>ACEPTACI\u00d3N DEL AVISO DE PRIVACIDAD<\/strong><\/p>\n\n\n\n<p>Al proporcionar sus datos personales, usted reconoce haber le\u00eddo y aceptado los t\u00e9rminos de este Aviso de Privacidad.<\/p>\n\n\n\n<p><strong>AUTORIDAD COMPETENTE<\/strong><\/p>\n\n\n\n<p>Tras haber ejercido sus Derechos de Acceso, Rectificaci\u00f3n, Cancelaci\u00f3n u Oposici\u00f3n; Haber limitado el uso o divulgaci\u00f3n de sus datos personales, o haya revocado su consentimiento de sus datos personales, s\u00ed usted considera que hemos realizado alguna omisi\u00f3n o alguna acci\u00f3n violatoria a lo establecido en la Ley Federal de Protecci\u00f3n de Datos Personales en Posesi\u00f3n de los Particulares, le informamos que de conformidad a la Ley Federal de Protecci\u00f3n de Datos Personales en Posesi\u00f3n de los Particulares, la autoridad mexicana competente ante la cual deber\u00e1 interponer su denuncia o inconformidad es el Instituto Nacional de Transparencia, Acceso a la Informaci\u00f3n y Protecci\u00f3n de Datos Personales (INAI).<\/p>\n","protected":false},"excerpt":{"rendered":"<p>RESIDENCIAL ATIZAP\u00c1N S.A. DE C.V., IMPULSORA ECATEPEC S.A. DE C.V., IMPULSORA SAN BARTOLO S.A. DE C.V., DESARROLLO INMOBILIARIO AVANCE ATIZAPAN, S.A. DE C.V., CONSTRUCTORA PROFUSA, S.A. DE C.V. e INMOBILIARIA COLINAS DEL LAGO, S.A. DE C.V.,&nbsp;identificadas conjuntamente como \u00abGRUPO PROFUSA,\u00bb as\u00ed como sus filiales, subsidiarias y empresas pertenecientes al mismo grupo de socios (en adelante, \u00abEl Responsable\u00bb de acuerdo a la definici\u00f3n de la fracci\u00f3n XXVIII del art\u00edculo 3 de la&nbsp;Ley Federal de Protecci\u00f3n de Datos Personales en Posesi\u00f3n de los Particulares&nbsp;[LFPDPPP]), con domicilio en Luz Savi\u00f1\u00f3n n\u00famero 13, interior 204, colonia Del Valle Norte, alcald\u00eda Benito Ju\u00e1rez, Ciudad de M\u00e9xico, C.P. 03103, es responsable del tratamiento de sus&nbsp;datos personales&nbsp;conforme a lo establecido en la&nbsp;LFPDPPP&nbsp;y su Reglamento. Le solicitamos leer cuidadosamente el presente Aviso de Privacidad, ya que la simple aportaci\u00f3n de sus datos personales constituye la aceptaci\u00f3n de los t\u00e9rminos del presente Aviso de Privacidad. Le informamos que sus datos personales pueden ser recabados a trav\u00e9s de solicitudes, declaraciones y dem\u00e1s manifestaciones hechas por usted, a trav\u00e9s de medios electr\u00f3nicos, telef\u00f3nicos o impresos. Estos datos ser\u00e1n utilizados y resguardados \u00fanicamente por GRUPO PROFUSA, en una base de datos bajo la m\u00e1s estricta confidencialidad, de acuerdo con los procedimientos de seguridad que GRUPO PROFUSA ha implementado, cuyo acceso estar\u00e1 limitado a las personas f\u00edsicas y morales con las que GRUPO PROFUSA tenga relaci\u00f3n jur\u00eddica. IDENTIFICACI\u00d3N DEL RESPONSABLE Giro&nbsp;Inmobiliario Sitio web&nbsp;http:\/\/profusa.mx Tel\u00e9fono&nbsp;55 52902727 Domicilio&nbsp;Luz Savi\u00f1\u00f3n n\u00famero 13, interior 204, colonia Del Valle Norte, alcald\u00eda Benito Ju\u00e1rez, Ciudad de M\u00e9xico, C.P. 03103 Correo electr\u00f3nico&nbsp;protecciondatos@profusa.mx Horario de Atenci\u00f3n&nbsp;lunes a viernes de las 9 horas a las 17 horas DATOS PERSONALES RECABADOS Los datos personales que recabamos de usted pueden ser de manera personal o a trav\u00e9s de un Encargado (definido en la fracci\u00f3n XV del art\u00edculo 3 de la LFPDPPP), e incluyen: GRUPO PROFUSA no recaba datos personales sensibles, considerados como tales por la LFPDPPP, como aquellos que puedan revelar aspectos como origen racial o \u00e9tnico, estado de salud presente o futuro, informaci\u00f3n gen\u00e9tica, creencias religiosas, filos\u00f3ficas y morales, afiliaciones sindicales, opiniones pol\u00edticas, preferencias sexuales, etc. FINALIDADES DEL TRATAMIENTO Sus datos personales ser\u00e1n utilizados para las siguientes finalidades: TRANSFERENCIAS DE DATOS Sus datos personales podr\u00e1n ser transferidos a terceros \u00fanicamente en los siguientes casos: DERECHOS ARCO (ACCESO, RECTIFICACI\u00d3N, CANCELACI\u00d3N Y OPOSICI\u00d3N) Usted tiene derecho a conocer qu\u00e9 datos personales tenemos, c\u00f3mo los usamos y las condiciones del tratamiento (Acceso). Tambi\u00e9n puede solicitar la correcci\u00f3n de su informaci\u00f3n en caso de que est\u00e9 desactualizada, sea inexacta o incompleta (Rectificaci\u00f3n); solicitar que eliminemos sus datos de nuestros registros o bases de datos cuando considere que no est\u00e1n siendo utilizados adecuadamente (Cancelaci\u00f3n); as\u00ed como oponerse al uso de sus datos para fines espec\u00edficos (Oposici\u00f3n). Para ejercer cualquiera de sus derechos ARCO, env\u00ede una solicitud a nuestro Departamento de Protecci\u00f3n de Datos Personales al correo electr\u00f3nico:&nbsp;protecciondatos@profusa.mx&nbsp;con atenci\u00f3n a Oficial de Privacidad, o bien, en nuestro domicilio f\u00edsico en un horario de lunes a viernes de las 9 horas a las 17 horas. Daremos respuesta en un plazo m\u00e1ximo de 20 d\u00edas h\u00e1biles conforme a la normatividad vigente. MEDIDAS DE SEGURIDAD GRUPO PROFUSA implementa medidas de seguridad f\u00edsicas, administrativas y tecnol\u00f3gicas para proteger sus datos personales contra da\u00f1o, p\u00e9rdida, alteraci\u00f3n, destrucci\u00f3n o uso no autorizado. USO DE COOKIES Y TECNOLOG\u00cdAS SIMILARES Nuestro sitio web puede utilizar cookies para mejorar su experiencia de usuario. Usted puede configurar su navegador para rechazarlas, aunque esto podr\u00eda afectar algunas funciones del sitio. La protecci\u00f3n de datos personales proporcionados por usted por medio de la p\u00e1gina web de GRUPO PROFUSA no se puede garantizar totalmente. Una vez recibidos por GRUPO PROFUSA, haremos todo lo posible para salvaguardar su informaci\u00f3n. CAMBIOS AL AVISO DE PRIVACIDAD El presente Aviso de Privacidad puede ser modificado en cualquier momento. Los cambios ser\u00e1n publicados en nuestra p\u00e1gina web: http:\/\/profusa.mx Fecha de \u00faltima actualizaci\u00f3n: 08 de abril del 2025. Si tiene dudas o comentarios sobre este Aviso de Privacidad, puede contactarnos en:&nbsp;protecciondatos@profusa.mx ACEPTACI\u00d3N DEL AVISO DE PRIVACIDAD Al proporcionar sus datos personales, usted reconoce haber le\u00eddo y aceptado los t\u00e9rminos de este Aviso de Privacidad. AUTORIDAD COMPETENTE Tras haber ejercido sus Derechos de Acceso, Rectificaci\u00f3n, Cancelaci\u00f3n u Oposici\u00f3n; Haber limitado el uso o divulgaci\u00f3n de sus datos personales, o haya revocado su consentimiento de sus datos personales, s\u00ed usted considera que hemos realizado alguna omisi\u00f3n o alguna acci\u00f3n violatoria a lo establecido en la Ley Federal de Protecci\u00f3n de Datos Personales en Posesi\u00f3n de los Particulares, le informamos que de conformidad a la Ley Federal de Protecci\u00f3n de Datos Personales en Posesi\u00f3n de los Particulares, la autoridad mexicana competente ante la cual deber\u00e1 interponer su denuncia o inconformidad es el Instituto Nacional de Transparencia, Acceso a la Informaci\u00f3n y Protecci\u00f3n de Datos Personales (INAI).<\/p>\n","protected":false},"author":2,"featured_media":0,"parent":0,"menu_order":0,"comment_status":"closed","ping_status":"closed","template":"","meta":{"footnotes":""},"class_list":["post-3","page","type-page","status-publish","hentry"],"_links":{"self":[{"href":"https:\/\/puertanortearboledas.com\/index.php\/wp-json\/wp\/v2\/pages\/3","targetHints":{"allow":["GET"]}}],"collection":[{"href":"https:\/\/puertanortearboledas.com\/index.php\/wp-json\/wp\/v2\/pages"}],"about":[{"href":"https:\/\/puertanortearboledas.com\/index.php\/wp-json\/wp\/v2\/types\/page"}],"author":[{"embeddable":true,"href":"https:\/\/puertanortearboledas.com\/index.php\/wp-json\/wp\/v2\/users\/2"}],"replies":[{"embeddable":true,"href":"https:\/\/puertanortearboledas.com\/index.php\/wp-json\/wp\/v2\/comments?post=3"}],"version-history":[{"count":2,"href":"https:\/\/puertanortearboledas.com\/index.php\/wp-json\/wp\/v2\/pages\/3\/revisions"}],"predecessor-version":[{"id":1962,"href":"https:\/\/puertanortearboledas.com\/index.php\/wp-json\/wp\/v2\/pages\/3\/revisions\/1962"}],"wp:attachment":[{"href":"https:\/\/puertanortearboledas.com\/index.php\/wp-json\/wp\/v2\/media?parent=3"}],"curies":[{"name":"wp","href":"https:\/\/api.w.org\/{rel}","templated":true}]}}